{"id":6076,"date":"2024-10-24T11:39:47","date_gmt":"2024-10-24T09:39:47","guid":{"rendered":"https:\/\/certec-shop.fr\/acheter-en-ligne\/uncategorized\/drifting-training-buoy-15-x-150-cm\/"},"modified":"2026-03-23T16:11:06","modified_gmt":"2026-03-23T15:11:06","slug":"drifting-training-buoy-15-x-150-cm","status":"publish","type":"product","link":"https:\/\/certec-shop.fr\/en\/order-online\/certec-nautical-products\/buoys-marks\/training-buoys\/drifting\/drifting-training-buoy-15-x-150-cm\/","title":{"rendered":"Drifting training buoy 15 x 150 cm"},"content":{"rendered":"<p>Inflatable buoy in reinforced pvc 1000 gr\/m2, consisting of an inflatable cylinder 15 cm in diameter and 150 cm high, coupled to a floating anchor\/ballast pocket, enabling the buoy to be anchored or left to drift in a weak current (thus avoiding anchoring).<\/p>\n<p>This buoy is designed for club training. Its small diameter makes it easy to store in boats and its great height means it&#8217;s easy to see at sea. It is equipped with several fixing points, a mast holder and a hoisting strap.  <\/p>\n<p>You can choose different colors (contact us), made in France, this buoy is guaranteed 12 months. The marking with the name of your nautic club or sponsor is an option &#8211; please contact us.<\/p>\n<p><iframe loading=\"lazy\" title=\"|BOU\u00c9E| Bou\u00e9e entrainement d\u00e9rivante 15x150cm\" width=\"1080\" height=\"608\" src=\"https:\/\/www.youtube.com\/embed\/oy_3nwDsJKE?feature=oembed\"  allow=\"accelerometer; autoplay; clipboard-write; encrypted-media; gyroscope; picture-in-picture; web-share\" referrerpolicy=\"strict-origin-when-cross-origin\" allowfullscreen><\/iframe><\/p>\n<p>&nbsp;<\/p>\n","protected":false},"excerpt":{"rendered":"<p>Inflatable buoy in reinforced pvc 1000 gr\/m2 made in France, consisting of an inflatable cylinder 15 cm in diameter and 150 cm high, coupled with a floating anchor\/ballast pocket, specially designed for daily training.<\/p>\n<p>On this page we present an inflatable buoy, consisting of a cylinder 15 cm in diameter and 150 cm high, which can be anchored or left to drift in a gentle current.<\/p>\n","protected":false},"featured_media":10474,"template":"","meta":{"_et_pb_use_builder":"","_et_pb_old_content":"","_et_gb_content_width":""},"product_brand":[],"product_cat":[110],"product_tag":[],"class_list":{"0":"post-6076","1":"product","2":"type-product","3":"status-publish","4":"has-post-thumbnail","6":"product_cat-drifting","8":"first","9":"instock","10":"taxable","11":"shipping-taxable","12":"purchasable","13":"product-type-variable"},"_links":{"self":[{"href":"https:\/\/certec-shop.fr\/en\/wp-json\/wp\/v2\/product\/6076","targetHints":{"allow":["GET"]}}],"collection":[{"href":"https:\/\/certec-shop.fr\/en\/wp-json\/wp\/v2\/product"}],"about":[{"href":"https:\/\/certec-shop.fr\/en\/wp-json\/wp\/v2\/types\/product"}],"wp:featuredmedia":[{"embeddable":true,"href":"https:\/\/certec-shop.fr\/en\/wp-json\/wp\/v2\/media\/10474"}],"wp:attachment":[{"href":"https:\/\/certec-shop.fr\/en\/wp-json\/wp\/v2\/media?parent=6076"}],"wp:term":[{"taxonomy":"product_brand","embeddable":true,"href":"https:\/\/certec-shop.fr\/en\/wp-json\/wp\/v2\/product_brand?post=6076"},{"taxonomy":"product_cat","embeddable":true,"href":"https:\/\/certec-shop.fr\/en\/wp-json\/wp\/v2\/product_cat?post=6076"},{"taxonomy":"product_tag","embeddable":true,"href":"https:\/\/certec-shop.fr\/en\/wp-json\/wp\/v2\/product_tag?post=6076"}],"curies":[{"name":"wp","href":"https:\/\/api.w.org\/{rel}","templated":true}]}}