{"id":5569,"date":"2024-10-29T08:59:08","date_gmt":"2024-10-29T07:59:08","guid":{"rendered":"https:\/\/certec-shop.fr\/?post_type=product&#038;p=5569"},"modified":"2025-02-11T16:36:58","modified_gmt":"2025-02-11T15:36:58","slug":"conical-regatta-buoy-95-x-120-cm-copie-copie-copie-copie-copie-copie","status":"publish","type":"product","link":"https:\/\/certec-shop.fr\/en\/order-online\/certec-nautical-products\/buoys-marks\/regatta\/conical-buoys\/conical-regatta-buoy-95-x-120-cm-copie-copie-copie-copie-copie-copie\/","title":{"rendered":"Conical regatta buoy 185 x 220 cm"},"content":{"rendered":"<p>Inflatable buoy in reinforced pvc 1000 gr\/m2, consisting of an inflatable cone with a diameter of 185 cm at its base and a height of 220 cm.<\/p>\n<p>Very manoeuvrable and stable (favourable diameter\/height ratio), it is suitable for medium-sized courses.<\/p>\n<p>Its small diameter makes it easy to store in boats, and its height gives it excellent visibility at sea. It is equipped with numerous fixing points and a double-stage inflation valve.<\/p>\n<p>You can choose different colors (contact us), made in France, this buoy is guaranteed 12 months. The marking with the name of your nautic club or sponsor is an option &#8211; please contact us.<\/p>\n<p><iframe loading=\"lazy\" title=\"|BOU\u00c9E| Bou\u00e9e r\u00e9gate conique 185x220cm\" width=\"1080\" height=\"608\" src=\"https:\/\/www.youtube.com\/embed\/N4bVhTthi4U?feature=oembed\"  allow=\"accelerometer; autoplay; clipboard-write; encrypted-media; gyroscope; picture-in-picture; web-share\" referrerpolicy=\"strict-origin-when-cross-origin\" allowfullscreen><\/iframe><\/p>\n","protected":false},"excerpt":{"rendered":"<p>Inflatable buoy in reinforced pvc 1000 gr\/m2, consisting of an inflatable cone with a diameter of 185 cm at its base and a height of 220 cm. Very manoeuvrable and stable (favourable diameter\/height ratio), it is suitable for medium-sized courses. Its small diameter makes it easy to store in boats, and its height gives it [&hellip;]<\/p>\n","protected":false},"featured_media":6828,"template":"","meta":{"_et_pb_use_builder":"","_et_pb_old_content":"","_et_gb_content_width":""},"product_brand":[],"product_cat":[115],"product_tag":[],"class_list":{"0":"post-5569","1":"product","2":"type-product","3":"status-publish","4":"has-post-thumbnail","6":"product_cat-conical-buoys","8":"first","9":"instock","10":"taxable","11":"shipping-taxable","12":"purchasable","13":"product-type-variable"},"_links":{"self":[{"href":"https:\/\/certec-shop.fr\/en\/wp-json\/wp\/v2\/product\/5569","targetHints":{"allow":["GET"]}}],"collection":[{"href":"https:\/\/certec-shop.fr\/en\/wp-json\/wp\/v2\/product"}],"about":[{"href":"https:\/\/certec-shop.fr\/en\/wp-json\/wp\/v2\/types\/product"}],"wp:featuredmedia":[{"embeddable":true,"href":"https:\/\/certec-shop.fr\/en\/wp-json\/wp\/v2\/media\/6828"}],"wp:attachment":[{"href":"https:\/\/certec-shop.fr\/en\/wp-json\/wp\/v2\/media?parent=5569"}],"wp:term":[{"taxonomy":"product_brand","embeddable":true,"href":"https:\/\/certec-shop.fr\/en\/wp-json\/wp\/v2\/product_brand?post=5569"},{"taxonomy":"product_cat","embeddable":true,"href":"https:\/\/certec-shop.fr\/en\/wp-json\/wp\/v2\/product_cat?post=5569"},{"taxonomy":"product_tag","embeddable":true,"href":"https:\/\/certec-shop.fr\/en\/wp-json\/wp\/v2\/product_tag?post=5569"}],"curies":[{"name":"wp","href":"https:\/\/api.w.org\/{rel}","templated":true}]}}