{"id":4979,"date":"2024-10-24T15:05:26","date_gmt":"2024-10-24T13:05:26","guid":{"rendered":"https:\/\/certec-shop.fr\/acheter-en-ligne\/uncategorized\/cylindrical-regatta-buoy-70-x-120-cm\/"},"modified":"2025-03-31T16:21:59","modified_gmt":"2025-03-31T14:21:59","slug":"cylindrical-regatta-buoy-70-x-120-cm","status":"publish","type":"product","link":"https:\/\/certec-shop.fr\/en\/order-online\/certec-nautical-products\/buoys-marks\/regatta\/cylindrical-buoys\/cylindrical-regatta-buoy-70-x-120-cm\/","title":{"rendered":"Cylindrical course buoy 70 x 120 cm"},"content":{"rendered":"<p>Cylindrical inflatable buoy made of 1000 g\/m\u00b2 reinforced PVC, 70 cm in diameter and 120 cm high.<br \/>\nEquipped with a double-stage inflation valve, a top recovery point, and 3 anchor points for ballast retrieval.<br \/>\nChoice of colors.<br \/>\nPlease note: buoys are delivered without options (ballast, rope, light, GPS pocket, branding).<br \/>\nFor any customization requests (logo, text, crystal pouch, etc.), please contact us.<\/p>\n<p><iframe loading=\"lazy\" title=\"|BOU\u00c9E| Bou\u00e9e r\u00e9gate cylindrique 70x120cm\" width=\"1080\" height=\"608\" src=\"https:\/\/www.youtube.com\/embed\/4oc-q0U16Ms?feature=oembed\"  allow=\"accelerometer; autoplay; clipboard-write; encrypted-media; gyroscope; picture-in-picture; web-share\" referrerpolicy=\"strict-origin-when-cross-origin\" allowfullscreen><\/iframe><\/p>\n","protected":false},"excerpt":{"rendered":"<div class=\"et_pb_module et_pb_wc_description et_pb_wc_description_0_tb_body et_pb_bg_layout_light et_pb_text_align_left\">\n<div class=\"et_pb_module_inner\">\n<p>An inflatable marker buoy is a floating structure used to mark courses or areas. Generally brightly colored, it is made of heavy-gauge PVC-coated fabric and assembled by welding. It can take various shapes such as a cube, a cylinder, a cone or a pyramid. The greater the surface area it can reach in the water relative to its height, the more stable the buoy will be. Equipped with an inflation valve and points for attaching ballast and\/or handling, it must be chosen according to the distances and conditions of the body of water. We offer here a cylindrical buoy of 70 cm in diameter and 120 cm in height.<\/p>\n<\/div>\n<\/div>\n<div class=\"et_pb_module et_pb_wc_price et_pb_wc_price_0_tb_body\">\n<div class=\"et_pb_module_inner\">\n<p class=\"price\">\n<\/div>\n<\/div>\n","protected":false},"featured_media":8000,"template":"","meta":{"_et_pb_use_builder":"","_et_pb_old_content":"","_et_gb_content_width":""},"product_brand":[],"product_cat":[116],"product_tag":[],"class_list":{"0":"post-4979","1":"product","2":"type-product","3":"status-publish","4":"has-post-thumbnail","6":"product_cat-cylindrical-buoys","8":"first","9":"instock","10":"taxable","11":"shipping-taxable","12":"purchasable","13":"product-type-variable"},"_links":{"self":[{"href":"https:\/\/certec-shop.fr\/en\/wp-json\/wp\/v2\/product\/4979","targetHints":{"allow":["GET"]}}],"collection":[{"href":"https:\/\/certec-shop.fr\/en\/wp-json\/wp\/v2\/product"}],"about":[{"href":"https:\/\/certec-shop.fr\/en\/wp-json\/wp\/v2\/types\/product"}],"wp:featuredmedia":[{"embeddable":true,"href":"https:\/\/certec-shop.fr\/en\/wp-json\/wp\/v2\/media\/8000"}],"wp:attachment":[{"href":"https:\/\/certec-shop.fr\/en\/wp-json\/wp\/v2\/media?parent=4979"}],"wp:term":[{"taxonomy":"product_brand","embeddable":true,"href":"https:\/\/certec-shop.fr\/en\/wp-json\/wp\/v2\/product_brand?post=4979"},{"taxonomy":"product_cat","embeddable":true,"href":"https:\/\/certec-shop.fr\/en\/wp-json\/wp\/v2\/product_cat?post=4979"},{"taxonomy":"product_tag","embeddable":true,"href":"https:\/\/certec-shop.fr\/en\/wp-json\/wp\/v2\/product_tag?post=4979"}],"curies":[{"name":"wp","href":"https:\/\/api.w.org\/{rel}","templated":true}]}}