{"id":18347,"date":"2026-01-28T15:15:41","date_gmt":"2026-01-28T14:15:41","guid":{"rendered":"https:\/\/certec-shop.fr\/acheter-en-ligne\/uncategorized\/flat-inflatable-dock-fender-with-mounting-flap-thickness-30-cm\/"},"modified":"2026-01-28T15:15:41","modified_gmt":"2026-01-28T14:15:41","slug":"flat-inflatable-dock-fender-with-mounting-flap-thickness-30-cm","status":"publish","type":"product","link":"https:\/\/certec-shop.fr\/en\/order-online\/flat-dock-fenders\/flat-inflatable-dock-fender-with-mounting-flap-thickness-30-cm\/","title":{"rendered":"Flat inflatable dock fender with mounting flap &#8211; thickness 30 cm"},"content":{"rendered":"<p style=\"text-align: center;\">Flat inflatable dock fender with mounting flap<\/p>\n<p style=\"text-align: center;\">Size: thickness 30 cm<\/p>\n<p style=\"text-align: center;\">Bladder (inflatable part) in reinforced PVC 1,000 gr\/m2 &#8212; shock-resistant.<\/p>\n<p style=\"text-align: center;\">Cordura cover 850 gr\/m2 &#8212; abrasion-resistant.<\/p>\n<p style=\"text-align: center;\">Valve opening for deflation and folding.<\/p>\n<p style=\"text-align: center;\">Inflation with manual or electric pump (on-board pump).<\/p>\n<p style=\"text-align: center;\">The advantages:<\/p>\n<p style=\"text-align: center;\">1\/ Strong, lightweight, and durable.<\/p>\n<p style=\"text-align: center;\">2\/ Easy to inflate and fold (standard valve).<\/p>\n<p style=\"text-align: center;\">3\/ With washable and interchangeable cover.<\/p>\n<p style=\"text-align: center;\">4\/ Color of the cover : your choice.<\/p>\n<p style=\"text-align: center;\">5\/ Customization (boat name) optional above.<span style=\"color: #ff0000;\"> <strong>(please indicate the desired marking for your fenders in the &#8220;Order Notes&#8221; tab when confirming your order). <\/strong><\/span><\/p>\n<p style=\"text-align: center;\">6\/ Product made in France.<\/p>\n","protected":false},"excerpt":{"rendered":"<p>In contrast to conventional fenders, inflatable dock fenders remain in place.<\/p>\n<p>Attached to the dock or pontoon, it protects a fixed space, a place, or an area.<\/p>\n<p>The flat inflatable defense has the advantage of not rolling up or rising when pushed.<\/p>\n<p>This guard consists of a cover and an inflatable bladder.<\/p>\n<p>The reinforcement flap to be attached to the dock is triple-stitched onto the cover. All tensile forces are absorbed by the cover. The inner bladder absorbs the pressure.  <\/p>\n<p>De couleur au choix, pliable, facilement lavable et surtout d\u00e9houssable la d\u00e9fense de quai gonflable pr\u00e9sente de nombreux avantages.<\/p>\n<p>It will be possible to replace only the cover if it is worn out, while keeping the bladder.<\/p>\n<p>We recommend that you personalize your dock fenders by having your boat&#8217;s name printed on them.We recommend that you personalize your dock fenders by having your boat&#8217;s name printed on them.<\/p>\n","protected":false},"featured_media":18315,"template":"","meta":{"_et_pb_use_builder":"","_et_pb_old_content":"","_et_gb_content_width":""},"product_brand":[],"product_cat":[260],"product_tag":[],"class_list":{"0":"post-18347","1":"product","2":"type-product","3":"status-publish","4":"has-post-thumbnail","6":"product_cat-flat-dock-fenders","8":"first","9":"instock","10":"taxable","11":"shipping-taxable","12":"purchasable","13":"product-type-variable"},"_links":{"self":[{"href":"https:\/\/certec-shop.fr\/en\/wp-json\/wp\/v2\/product\/18347","targetHints":{"allow":["GET"]}}],"collection":[{"href":"https:\/\/certec-shop.fr\/en\/wp-json\/wp\/v2\/product"}],"about":[{"href":"https:\/\/certec-shop.fr\/en\/wp-json\/wp\/v2\/types\/product"}],"wp:featuredmedia":[{"embeddable":true,"href":"https:\/\/certec-shop.fr\/en\/wp-json\/wp\/v2\/media\/18315"}],"wp:attachment":[{"href":"https:\/\/certec-shop.fr\/en\/wp-json\/wp\/v2\/media?parent=18347"}],"wp:term":[{"taxonomy":"product_brand","embeddable":true,"href":"https:\/\/certec-shop.fr\/en\/wp-json\/wp\/v2\/product_brand?post=18347"},{"taxonomy":"product_cat","embeddable":true,"href":"https:\/\/certec-shop.fr\/en\/wp-json\/wp\/v2\/product_cat?post=18347"},{"taxonomy":"product_tag","embeddable":true,"href":"https:\/\/certec-shop.fr\/en\/wp-json\/wp\/v2\/product_tag?post=18347"}],"curies":[{"name":"wp","href":"https:\/\/api.w.org\/{rel}","templated":true}]}}