{"id":12530,"date":"2024-07-11T17:14:07","date_gmt":"2024-07-11T15:14:07","guid":{"rendered":"https:\/\/certec-shop.fr\/data-confidentiality\/"},"modified":"2025-04-01T15:29:52","modified_gmt":"2025-04-01T13:29:52","slug":"data-confidentiality","status":"publish","type":"page","link":"https:\/\/certec-shop.fr\/en\/data-confidentiality\/","title":{"rendered":"Data confidentiality"},"content":{"rendered":"<p>[et_pb_section fb_built=&#8221;1&#8243; _builder_version=&#8221;4.16&#8243; global_colors_info=&#8221;{}&#8221;][et_pb_row _builder_version=&#8221;4.16&#8243; background_size=&#8221;initial&#8221; background_position=&#8221;top_left&#8221; background_repeat=&#8221;repeat&#8221; global_colors_info=&#8221;{}&#8221;][et_pb_column type=&#8221;4_4&#8243; _builder_version=&#8221;4.16&#8243; custom_padding=&#8221;|||&#8221; global_colors_info=&#8221;{}&#8221; custom_padding__hover=&#8221;|||&#8221;][et_pb_post_title meta=&#8221;off&#8221; featured_image=&#8221;off&#8221; _builder_version=&#8221;4.27.2&#8243; _module_preset=&#8221;default&#8221; title_font=&#8221;|700|||||||&#8221; title_font_size=&#8221;40px&#8221; global_colors_info=&#8221;{}&#8221;][\/et_pb_post_title][et_pb_text _builder_version=&#8221;4.27.2&#8243; background_size=&#8221;initial&#8221; background_position=&#8221;top_left&#8221; background_repeat=&#8221;repeat&#8221; global_colors_info=&#8221;{}&#8221;]<\/p>\n<div>\n<h4>Commitment to confidentiality<\/h4>\n<p>We are updating our privacy policy to meet the requirements of the GDPR. As you may know, this new rule came into force on May 25, 2018. You can check out the link below for more information.  <\/p>\n<p>To better protect your privacy, we provide this notice to explain our online information practices, how we collect, store and process your personal data, and your rights regarding that data.<br \/>This notice applies to all information collected or submitted on certec.eu.com, certec-nautisme.fr and certec-secourisme.fr.<\/p>\n<p>We use the information you provide when you place an order only to process that order. We do not share this information with third parties, except to the extent necessary to fulfill the order (e.g. carrier) and we take appropriate measures to protect it. <\/p>\n<p>Data collected and stored :<br \/>Your first and last name<br \/>Your e-mail address<br \/>Postal address<br \/>Telephone and mobile number<br \/>Products and\/or services purchased<br \/>Transaction date and reference<\/p>\n<p>We strive to provide you with the best possible experience with CERTEC, our services and products.<br \/>With this in mind, this data helps us to provide you with the latest information on company news and technical updates to our products.<br \/>In addition, we store the data to comply with French and European accounting regulations. There will inevitably be services that we won&#8217;t be able to provide without data retention. Rest assured, we will never sell or give away any data.  <\/p>\n<h4>Your rights<\/h4>\n<p>You have many rights concerning your data. If you wish to view, modify or delete your data, or if you have any other questions about our privacy policy, please contact us by e-mail:<span id=\"cloak5ed30b7f8b585c3fafcfdecf76837279\"><a href=\"mailto:contact@certec.fr\"> contact@certec.fr<\/a><\/span>.<br \/>To protect your privacy and security, we will take reasonable steps to verify your identity before granting access or making corrections. We use this procedure to better protect your information. You can correct factual errors in your personally identifiable information by sending us a request that shows a credible error.   <\/p>\n<p>Thank you very much for your understanding and support.<\/p>\n<p>CERTEC team<\/p>\n<\/div>\n<p>&nbsp;<\/p>\n<p>&nbsp;<\/p>\n<p>&nbsp;<\/p>\n<p>[\/et_pb_text][\/et_pb_column][\/et_pb_row][\/et_pb_section]<\/p>\n","protected":false},"excerpt":{"rendered":"<p>Commitment to confidentiality We are updating our privacy policy to meet the requirements of the GDPR. As you may know, this new rule came into force on May 25, 2018. You can check out the link below for more information. To better protect your privacy, we provide this notice to explain our online information practices, [&hellip;]<\/p>\n","protected":false},"author":1,"featured_media":0,"parent":0,"menu_order":0,"comment_status":"closed","ping_status":"closed","template":"","meta":{"_et_pb_use_builder":"on","_et_pb_old_content":"<div><h4>Engagement de confidentialit\u00e9<\/h4><p>Nous mettons \u00e0 jour notre politique de confidentialit\u00e9 pour r\u00e9pondre aux exigences de la RGPD. Comme vous le savez peut-\u00eatre, cette nouvelle r\u00e8gle est entr\u00e9e en vigueur le 25 mai 2018. Vous pouvez consulter le lien ci-dessous pour plus d'informations.<\/p><p>Pour mieux prot\u00e9ger votre vie priv\u00e9e, nous publions cet avis afin d\u2019expliquer nos pratiques d'information en ligne, la mani\u00e8re dont nous collectons, stockons et traitons vos donn\u00e9es personnelles, et vos droits concernant ces donn\u00e9es.<br \/>Cet avis s'applique \u00e0 toutes les informations collect\u00e9es ou soumises sur certec.eu.com, certec-nautisme.fr et certec-secourisme.fr<\/p><p>Nous utilisons les informations que vous nous fournissez lorsque vous passez une commande uniquement pour traiter cette commande. Nous ne partageons pas ces informations avec des tiers, sauf dans la mesure n\u00e9cessaire pour ex\u00e9cuter cette commande (transporteur par exemple) et nous prenons les mesures appropri\u00e9es pour la prot\u00e9ger.<\/p><p>Donn\u00e9es collect\u00e9es et stock\u00e9es\u00a0:<br \/>Votre nom, pr\u00e9nom<br \/>Adresse e-mail<br \/>Adresse postale<br \/>Num\u00e9ro de t\u00e9l\u00e9phone et mobile<br \/>Produits et \/ ou services achet\u00e9s<br \/>Date et r\u00e9f\u00e9rence de la transaction<\/p><p>Nous nous effor\u00e7ons de vous offrir la meilleure exp\u00e9rience possible avec CERTEC, nos services et produits.<br \/>Dans cet esprit, ces donn\u00e9es nous aident \u00e0 vous fournir les derni\u00e8res informations sur les nouveaut\u00e9s de notre soci\u00e9t\u00e9 ainsi que sur les mises \u00e0 jour techniques de nos produits.<br \/>De plus, nous stockons les donn\u00e9es pour respecter les r\u00e8gles comptables fran\u00e7aises et europ\u00e9ennes. Il y aura in\u00e9vitablement des services que nous ne pourrons pas vous fournir sans la conservation des donn\u00e9es. Rassurez-vous, nous ne vendrons ou ne donnerons jamais aucune donn\u00e9e.<\/p><h4>Vos droits<\/h4><p>Vous avez beaucoup de droits concernant vos donn\u00e9es. Si vous souhaitez voir, modifier ou supprimer vos donn\u00e9es ou si vous avez d'autres questions concernant notre politique de confidentialit\u00e9, veuillez nous contacter par e-mail\u00a0: <span id=\"cloak5ed30b7f8b585c3fafcfdecf76837279\"><a href=\"mailto:contact@certec.fr\">contact@certec.fr<\/a><\/span><br \/>Pour prot\u00e9ger votre vie priv\u00e9e et votre s\u00e9curit\u00e9, nous prendrons des mesures ad\u00e9quates pour v\u00e9rifier votre identit\u00e9 avant d'accorder l'acc\u00e8s ou de faire des corrections. Nous utilisons cette proc\u00e9dure pour mieux prot\u00e9ger vos informations. Vous pouvez corriger les erreurs factuelles dans vos informations personnelles identifiables en nous envoyant une demande qui montre une erreur cr\u00e9dible.<\/p><p>Merci beaucoup pour votre compr\u00e9hension et votre soutien.<\/p><p>L'\u00e9quipe CERTEC<\/p><\/div><p>\u00a0<\/p><p>\u00a0<\/p><p>\u00a0<\/p>","_et_gb_content_width":"","footnotes":""},"class_list":["post-12530","page","type-page","status-publish","hentry"],"_links":{"self":[{"href":"https:\/\/certec-shop.fr\/en\/wp-json\/wp\/v2\/pages\/12530","targetHints":{"allow":["GET"]}}],"collection":[{"href":"https:\/\/certec-shop.fr\/en\/wp-json\/wp\/v2\/pages"}],"about":[{"href":"https:\/\/certec-shop.fr\/en\/wp-json\/wp\/v2\/types\/page"}],"author":[{"embeddable":true,"href":"https:\/\/certec-shop.fr\/en\/wp-json\/wp\/v2\/users\/1"}],"replies":[{"embeddable":true,"href":"https:\/\/certec-shop.fr\/en\/wp-json\/wp\/v2\/comments?post=12530"}],"version-history":[{"count":4,"href":"https:\/\/certec-shop.fr\/en\/wp-json\/wp\/v2\/pages\/12530\/revisions"}],"predecessor-version":[{"id":12534,"href":"https:\/\/certec-shop.fr\/en\/wp-json\/wp\/v2\/pages\/12530\/revisions\/12534"}],"wp:attachment":[{"href":"https:\/\/certec-shop.fr\/en\/wp-json\/wp\/v2\/media?parent=12530"}],"curies":[{"name":"wp","href":"https:\/\/api.w.org\/{rel}","templated":true}]}}